{"id":1207,"date":"2020-12-30T14:27:13","date_gmt":"2020-12-30T16:27:13","guid":{"rendered":"http:\/\/osimas.lt\/?page_id=1207"},"modified":"2025-03-07T09:37:32","modified_gmt":"2025-03-07T11:37:32","slug":"galerija-zen","status":"publish","type":"page","link":"http:\/\/osimas.lt\/?page_id=1207","title":{"rendered":"Galerija (ZEN)"},"content":{"rendered":"\n<p>2025-02-22 Zen meditacija \u0160aki\u0173 sporto klube &#8222;O\u0161imas&#8221; su klubo aukl\u0117tiniais<\/p>\n\n\n\n<p>Zazenas rei\u0161kia s\u0117d\u0117ti susikaupime. \u017dod\u012f &#8222;Zen&#8221; dar gal\u0117tume pakeisti lietuvi\u0161ka s\u0105voka darna, kai nutyla mintys, kai sustabdomas be perstojo vykstantis monologas-randasi darna tarp k\u016bno ir \u017emogaus dvasinio prado, esyb\u0117s, jo tikrosios esm\u0117s ir b\u016bties vienov\u0117s suvokimas. Zazen pratybos sustiprina valios j\u0117g\u0105, k\u016bn\u0105 ir s\u0105mon\u0119. Energija jau nebe \u0161vaistoma betiksl\u0117ms pramogoms, tu\u0161tiems plepalams ar gin\u010dams, o nukreipiama siauru galingu spinduliu \u012f vien\u0105 ta\u0161k\u0105 (Dan d\u017ean ho; Hara centras, (\u017eemiau pilvo du ,trys pir\u0161tai), atpalaiduoja nerv\u0173 sistem\u0105, dingsta vidin\u0117 \u012ftampa, o visa organizmo veikla suderinama, \u012fsitvirtina vidin\u0117 dvasin\u0117 darna. Zazeno pratybos tai atkakli vidin\u0117 kova, bandant valdyti s\u0105mon\u0119 ir savo prigimt\u012f. Taigi, Zen mokymas buvo pritaikytas ir karo menui. Atsirado savoti\u0161kas gyvenimo b\u016bda (-Bu\u0161ido,   Kari\u0161kasis tao.)  Ir tai parodo, kad Zen mokymas nesuvar\u017eytas kokiomis nors taisykl\u0117mis, ir gali pasitarnauti tobulam visuomenin\u0117s pareigos atlikimui, kario pareiga gali b\u016bti \u0161venta, pagarbi. Taigi, Zazenas Ryt\u0173 kovos men\u0173 pratybose, neatsiejamas, reik\u0161mingas, svarbus ir naudingas.<\/p>\n\n\n\n<p>Sukaup\u0119s savyje d\u017eoriki ( kai siekiama i\u0161vystyti didel\u0119 vidin\u0119 j\u0117g\u0105 ar stipryb\u0119), \u017emogus nuramina savo s\u0105mon\u0117s &#8222;s\u016bkurius&#8221;, nustoja b\u016bti savo aistr\u0173 vergu, nepriklauso nuo aplinkini\u0173. Gali veikti visi\u0161kai laisvai ir darniai.  <\/p>\n\n\n\n<p>Zen dharmos mokytojas Vytautas Smirnovas. (Myo Ju)<\/p>\n\n\n\n<figure class=\"wp-block-image size-large\"><a href=\"http:\/\/osimas.lt\/wp-content\/uploads\/image-120.png\"><img loading=\"lazy\" decoding=\"async\" width=\"1024\" height=\"768\" src=\"http:\/\/osimas.lt\/wp-content\/uploads\/image-120-1024x768.png\" alt=\"\" class=\"wp-image-4802\" srcset=\"http:\/\/osimas.lt\/wp-content\/uploads\/image-120-1024x768.png 1024w, http:\/\/osimas.lt\/wp-content\/uploads\/image-120-300x225.png 300w, http:\/\/osimas.lt\/wp-content\/uploads\/image-120-768x576.png 768w, http:\/\/osimas.lt\/wp-content\/uploads\/image-120-1536x1152.png 1536w, http:\/\/osimas.lt\/wp-content\/uploads\/image-120.png 2048w\" sizes=\"auto, (max-width: 1024px) 100vw, 1024px\" \/><\/a><\/figure>\n\n\n\n<p>2024-09-15 Zen atsiskyrimas su Zen Meistre Won Bo Sunim. Vilnius<\/p>\n\n\n\n<figure class=\"wp-block-image size-large\"><a href=\"http:\/\/osimas.lt\/wp-content\/uploads\/image-119.png\"><img loading=\"lazy\" decoding=\"async\" width=\"1024\" height=\"768\" src=\"http:\/\/osimas.lt\/wp-content\/uploads\/image-119-1024x768.png\" alt=\"\" class=\"wp-image-4799\" srcset=\"http:\/\/osimas.lt\/wp-content\/uploads\/image-119-1024x768.png 1024w, http:\/\/osimas.lt\/wp-content\/uploads\/image-119-300x225.png 300w, http:\/\/osimas.lt\/wp-content\/uploads\/image-119-768x576.png 768w, http:\/\/osimas.lt\/wp-content\/uploads\/image-119-1536x1152.png 1536w, http:\/\/osimas.lt\/wp-content\/uploads\/image-119.png 2040w\" sizes=\"auto, (max-width: 1024px) 100vw, 1024px\" \/><\/a><\/figure>\n\n\n\n<p>\u017dod\u012f zen gal\u0117tume pakeisti lietuvi\u0161ka s\u0105voka darna, kai nutyla mintys, kai sustabdomas be perstojo vykstantis vidinis monologas- randasi darna, darna tarp k\u016bno ir \u017emogaus dvasinio prado, esyb\u0117s, jo tikrosios esm\u0117s- b\u016bties vienov\u0117s suvokimas. Zen yra tik b\u016bdas, priemon\u0117 pratyb\u0173 r\u016b\u0161is ir juo gali naudotis bet kurios religijos i\u0161pa\u017eintojas. Tai nesavanaudi\u0161kas atsiv\u0117rimas b\u016b\u010diai, tarnavimas g\u0117riui,atsidavimas kitiems.Tad turime vis\u0173 pirmiausiai sustipr\u0117ti patys , kad gal\u0117tume pad\u0117ti kitiems . Akimirka Kauno Zen centre &#8211; Kam No Sa (2024 m. liepos m\u0117n.)<\/p>\n\n\n\n<figure class=\"wp-block-image size-full\"><a href=\"http:\/\/osimas.lt\/wp-content\/uploads\/image-118.png\"><img loading=\"lazy\" decoding=\"async\" width=\"800\" height=\"600\" src=\"http:\/\/osimas.lt\/wp-content\/uploads\/image-118.png\" alt=\"\" class=\"wp-image-4798\" srcset=\"http:\/\/osimas.lt\/wp-content\/uploads\/image-118.png 800w, http:\/\/osimas.lt\/wp-content\/uploads\/image-118-300x225.png 300w, http:\/\/osimas.lt\/wp-content\/uploads\/image-118-768x576.png 768w\" sizes=\"auto, (max-width: 800px) 100vw, 800px\" \/><\/a><\/figure>\n\n\n<p><strong>Atsisveikinimas su Bo Haeng Sunimu.<\/strong><\/p>\n<p><a href=\"http:\/\/osimas.lt\/wp-content\/uploads\/279098478_3318335315120381_2335297015472439533_n.jpg\"><img loading=\"lazy\" decoding=\"async\" class=\"alignnone size-medium wp-image-1512\" src=\"http:\/\/osimas.lt\/wp-content\/uploads\/279098478_3318335315120381_2335297015472439533_n-300x225.jpg\" alt=\"\" width=\"300\" height=\"225\" srcset=\"http:\/\/osimas.lt\/wp-content\/uploads\/279098478_3318335315120381_2335297015472439533_n-300x225.jpg 300w, http:\/\/osimas.lt\/wp-content\/uploads\/279098478_3318335315120381_2335297015472439533_n-1024x768.jpg 1024w, http:\/\/osimas.lt\/wp-content\/uploads\/279098478_3318335315120381_2335297015472439533_n-768x576.jpg 768w, http:\/\/osimas.lt\/wp-content\/uploads\/279098478_3318335315120381_2335297015472439533_n.jpg 1440w\" sizes=\"auto, (max-width: 300px) 100vw, 300px\" \/><\/a> <a href=\"http:\/\/osimas.lt\/wp-content\/uploads\/279070607_3318335305120382_64126727146048215_n.jpg\"><img loading=\"lazy\" decoding=\"async\" class=\"alignnone size-medium wp-image-1513\" src=\"http:\/\/osimas.lt\/wp-content\/uploads\/279070607_3318335305120382_64126727146048215_n-300x226.jpg\" alt=\"\" width=\"300\" height=\"226\" srcset=\"http:\/\/osimas.lt\/wp-content\/uploads\/279070607_3318335305120382_64126727146048215_n-300x226.jpg 300w, http:\/\/osimas.lt\/wp-content\/uploads\/279070607_3318335305120382_64126727146048215_n-1024x772.jpg 1024w, http:\/\/osimas.lt\/wp-content\/uploads\/279070607_3318335305120382_64126727146048215_n-768x579.jpg 768w, http:\/\/osimas.lt\/wp-content\/uploads\/279070607_3318335305120382_64126727146048215_n.jpg 1440w\" sizes=\"auto, (max-width: 300px) 100vw, 300px\" \/><\/a><\/p>\n<h3 class=\"gmql0nx0 l94mrbxd p1ri9a11 lzcic4wl aahdfvyu hzawbc8m\"><span class=\"nc684nl6\"><a class=\"oajrlxb2 g5ia77u1 qu0x051f esr5mh6w e9989ue4 r7d6kgcz rq0escxv nhd2j8a9 nc684nl6 p7hjln8o kvgmc6g5 cxmmr5t8 oygrvhab hcukyx3x jb3vyjys rz4wbd8a qt6c0cv9 a8nywdso i1ao9s8h esuyzwwr f1sip0of lzcic4wl gpro0wi8 oo9gr5id lrazzd5p\" tabindex=\"0\" role=\"link\" href=\"https:\/\/www.facebook.com\/won.bo.5?__cft__[0]=AZXLPSAmiS9JTdyX6HpmuSfTCjll4gzMHSDOeq6hlrVhhMkQOXbUwzHhRIkjkMMXSQvw3MVDZlNi2Gevv-yPDV9BEu_jnoYHrV24INkwgDHwVB65hifc3v8G1oBI0IT2iaLDQyNlX41BherxEVJJ15eYLe8rt9D1bHPOAIpsKvM2Dw&amp;__tn__=-UC%2CP-y-R\"><strong>Won Bo<\/strong><\/a>:<\/span><\/h3>\n<div class=\"kvgmc6g5 cxmmr5t8 oygrvhab hcukyx3x c1et5uql ii04i59q\">\n<div dir=\"auto\">Bo Haeng Sunim da\u017enai kalb\u0117jo apie mirt\u012f \u2013 jam tai buvo \u012fdomi tema. Jo gilus gyvenimo laivyno supratimas \u012fkv\u0117p\u0117 j\u012f sunkiai praktikuotis, niekada negalvoti apie poils\u012f ar praleisti nors ma\u017e\u0105 dal\u012f praktikos.<\/div>\n<\/div>\n<div class=\"cxmmr5t8 oygrvhab hcukyx3x c1et5uql o9v6fnle ii04i59q\">\n<div dir=\"auto\">Vien\u0105 kart\u0105, kai jis v\u0117l kalb\u0117jo su manimi apie mirt\u012f, juokaudamas pasak\u0117, kad po jo mirties tur\u0117\u010diau padaryti monospektakl\u012f apie jo gyvenim\u0105. Jis netgi paai\u0161kino kelias technines detales, tokias kaip \u017eaibas. Bet manau, kad teatre ir realiame gyvenime nebuvo geresnio aktoriaus nei Bo Haeng Sunim. Jis puikiai atliko savo vaidmen\u012f iki pat paskutin\u0117s akimirkos .<\/div>\n<\/div>\n<div class=\"cxmmr5t8 oygrvhab hcukyx3x c1et5uql o9v6fnle ii04i59q\">\n<div dir=\"auto\">Bo Haeng Sunim gim\u0117 1961 metais Lietuvoje. 1989 m. prad\u0117jo praktikuotis Kvan Um mokykloje. 1991 m. i\u0161 Seung Sahn Zen magistro studento Do Am Sunim gavo 5 potvarkius.<\/div>\n<div dir=\"auto\">Jis pirm\u0105 kart\u0105 susitiko su Seungh Sahn Zen magistru 1991 metais Seugn San Zen magistro kelion\u0117s \u012f Lietuv\u0105 metu. Aktyviai dalyvavo kuriant pirmuosius Zen centrus Kaune ir Vilniuje.<\/div>\n<div dir=\"auto\">1999 m. gruod\u012f jis i\u0161vyko \u012f Piet\u0173 Kor\u0117j\u0105 tapti vienuoliu. 2001 m. jis tapo novicij\u0173 vienuoliu su Dae Bong Sunim kaip Unsa Sunim, 2003 m. gavo Sami potvarkius Chogye ordine. 2005 m. jis gavo Bikkhu prielaidas.<\/div>\n<\/div>\n<div class=\"cxmmr5t8 oygrvhab hcukyx3x c1et5uql o9v6fnle ii04i59q\">\n<div dir=\"auto\">Jis tikrai vertino buvim\u0105 Kwan Um mokyklos Zen ir Jogye Order dalimi ir jam pavyko sujungti \u0161i\u0173 dviej\u0173 tip\u0173 mokymus, kad pad\u0117t\u0173 kitiems.<\/div>\n<div dir=\"auto\">Jis buvo vienuolis, kuris praktik\u0105 taik\u0117 auk\u0161\u010diau visko, per 20 savo vienuolinio gyvenimo met\u0173 niekada nepraleido trij\u0173 m\u0117nesi\u0173 kyolche, i\u0161 viso s\u0117d\u0117jo 40 kiolch\u0173.<\/div>\n<\/div>\n<div class=\"cxmmr5t8 oygrvhab hcukyx3x c1et5uql o9v6fnle ii04i59q\">\n<div dir=\"auto\">Bo Haeng Sunim labai aktyviai skleid\u0117 budizm\u0105 Lietuvoje . Jis para\u0161\u0117 2 knygas \u2013 paskutin\u0117 knyga \u201eNabi arba gyvenimo teatras\u201c i\u0161leista 2021 metais. Pirmasis jo- \u201eLai\u0161kai i\u0161 Drakono kaln\u0173\u201c i\u0161leistas 2010 metais, buvo toks populiarus, kad perspausdintas 3 kartus, 2018 metais pripa\u017einta geriausia lietuvi\u0173 autoriaus dvasine knyga.<\/div>\n<div dir=\"auto\">I\u0161leidus \u0161i\u0105 knyg\u0105, Bo Haeng Sunim keliavo po Lietuv\u0105 mokydamas skirtinguose miestuose, jo pastang\u0173 d\u0117ka buvo sukurtos kelios naujos Zen grup\u0117s. Ved\u0117 vie\u0161as paskaitas universitetuose ir bibliotekose, taip pat reguliariai lank\u0117si Lietuvos kal\u0117jimuose, kur mok\u0117 kalinius meditacijos ir kit\u0173 dvasini\u0173 praktik\u0173.<\/div>\n<\/div>\n<div class=\"cxmmr5t8 oygrvhab hcukyx3x c1et5uql o9v6fnle ii04i59q\">\n<div dir=\"auto\">2011-aisiais su aktore, re\u017eisiere Egle Mikulionyte inscenizavo monospektakl\u012f \u201eAuksin\u0117 \u0161ventykla\u201c (pagal Yukio Mishimos auksin\u0119 \u0161ventykl\u0105), kuriame atliko pagrindin\u012f vaidmen\u012f. Spektaklis \u012fvairiose Lietuvos vietose rodytas daugiau nei 20 kart\u0173, buvo itin populiarus, kiekvienas spektaklis perpild\u0117 \u017emoni\u0173, o biliet\u0173 visada tr\u016bko.<\/div>\n<\/div>\n<div class=\"cxmmr5t8 oygrvhab hcukyx3x c1et5uql o9v6fnle ii04i59q\">\n<div dir=\"auto\">2016 metais Bo Haeng Sunim inscenizavo ir atliko savo improvizacij\u0173 vakar\u0105 \u201eLai\u0161kai i\u0161 vienuolyno\u201c (pagal jo autobiografin\u0119 knyg\u0105 \u201eLai\u0161kai i\u0161 drakono kaln\u0173\u201c), kur\u012f labai gerai pri\u0117m\u0117 publika. Jis padar\u0117 daugiau nei 15 toki\u0173 meditacini\u0173 vakar\u0173.<\/div>\n<\/div>\n<div class=\"cxmmr5t8 oygrvhab hcukyx3x c1et5uql o9v6fnle ii04i59q\">\n<div dir=\"auto\">Bo Haeng Sunim buvo pagrindinis kor\u0117jieti\u0161kos kult\u016bros Lietuvoje propaguotojas, vienas garsiausi\u0173 jo projekt\u0173 \u2013 2012 metais pakviet\u0119s Pansori daininink\u0105 (Park In Hee) atstovauti \u0161iam unikaliam kor\u0117jieti\u0161kam paveldui Lietuvoje. Jis taip pat sureng\u0117 kelet\u0105 Sol Chong Kunsunim kaligrafij\u0173 parod\u0173 did\u017eiausiuose Lietuvos miestuose.<\/div>\n<\/div>\n<div class=\"cxmmr5t8 oygrvhab hcukyx3x c1et5uql o9v6fnle ii04i59q\">\n<div dir=\"auto\">Beveik kiekvien\u0105 pavasar\u012f ar ruden\u012f Bo Haeng Sunim organizavo 3 dien\u0173 skandavimo retritus- kido. I\u0161 viso suorganizuota apie 16 kido \u012fvairiose Lietuvos vietose nuo 2011 iki 2019 m., prisijung\u0117 daug Lietuvos \u017emoni\u0173.<\/div>\n<\/div>\n<div class=\"cxmmr5t8 oygrvhab hcukyx3x c1et5uql o9v6fnle ii04i59q\">\n<div dir=\"auto\">Jis buvo \u012fkv\u0117pimas begalei \u017emoni\u0173 sekti budistin\u0119 praktik\u0105. Taip pat juo \u017eav\u0117josi ir myl\u0117jo daugyb\u0117 \u017emoni\u0173, kurie buvo i\u0161 skirting\u0173 religini\u0173 fon\u0173.<\/div>\n<\/div>\n<div class=\"cxmmr5t8 oygrvhab hcukyx3x c1et5uql o9v6fnle ii04i59q\">\n<div dir=\"auto\">Viso gero, Bo Haeng Sunim!<\/div>\n<div dir=\"auto\">Iki pasimatymo kitame Gyvenimo teatre!<\/div>\n<div dir=\"auto\">\n<hr \/>\n<\/div>\n<\/div>\n<p>2021.07.28-2021.07.31 d. Vasaros ZEN atsiskyrimas su Zen Meistru Joeng Hye (Andrzej Piotrowski).<\/p>\n<p><a href=\"http:\/\/osimas.lt\/wp-content\/uploads\/228169963_4166230260109179_6760960163189595784_n.jpg\"><img loading=\"lazy\" decoding=\"async\" class=\"alignnone wp-image-1337 size-full\" src=\"http:\/\/osimas.lt\/wp-content\/uploads\/228169963_4166230260109179_6760960163189595784_n.jpg\" alt=\"\" width=\"600\" height=\"337\" srcset=\"http:\/\/osimas.lt\/wp-content\/uploads\/228169963_4166230260109179_6760960163189595784_n.jpg 600w, http:\/\/osimas.lt\/wp-content\/uploads\/228169963_4166230260109179_6760960163189595784_n-300x169.jpg 300w\" sizes=\"auto, (max-width: 600px) 100vw, 600px\" \/><\/a> <a href=\"http:\/\/osimas.lt\/wp-content\/uploads\/227460608_4166230066775865_3116211130384920804_n.jpg\"><img loading=\"lazy\" decoding=\"async\" class=\"alignnone wp-image-1335 size-full\" src=\"http:\/\/osimas.lt\/wp-content\/uploads\/227460608_4166230066775865_3116211130384920804_n.jpg\" alt=\"\" width=\"600\" height=\"337\" srcset=\"http:\/\/osimas.lt\/wp-content\/uploads\/227460608_4166230066775865_3116211130384920804_n.jpg 600w, http:\/\/osimas.lt\/wp-content\/uploads\/227460608_4166230066775865_3116211130384920804_n-300x169.jpg 300w\" sizes=\"auto, (max-width: 600px) 100vw, 600px\" \/><\/a><a href=\"http:\/\/osimas.lt\/wp-content\/uploads\/227874604_4166229313442607_2979502970549965715_n.jpg\"><img loading=\"lazy\" decoding=\"async\" class=\"alignnone wp-image-1336 \" src=\"http:\/\/osimas.lt\/wp-content\/uploads\/227874604_4166229313442607_2979502970549965715_n-1024x576.jpg\" alt=\"\" width=\"598\" height=\"336\" srcset=\"http:\/\/osimas.lt\/wp-content\/uploads\/227874604_4166229313442607_2979502970549965715_n-1024x576.jpg 1024w, http:\/\/osimas.lt\/wp-content\/uploads\/227874604_4166229313442607_2979502970549965715_n-300x169.jpg 300w, http:\/\/osimas.lt\/wp-content\/uploads\/227874604_4166229313442607_2979502970549965715_n-768x432.jpg 768w, http:\/\/osimas.lt\/wp-content\/uploads\/227874604_4166229313442607_2979502970549965715_n.jpg 1366w\" sizes=\"auto, (max-width: 598px) 100vw, 598px\" \/><\/a><\/p>\n<hr \/>\n<p>2019-10-15 dien\u0105 sulauk\u0117me sve\u010dio\u00a0 Bo Haeng Sunim (K\u0119stutis Mar\u010diulynas), sporto klube &#8222;O\u0161imas&#8221;. I\u0161klaus\u0117me jo pasisakymus, paskait\u0105\u00a0 ir gyvenimo patirt\u012f.<\/p>\n<p><a href=\"http:\/\/osimas.lt\/wp-content\/uploads\/20191015_204616.jpg\"><img loading=\"lazy\" decoding=\"async\" class=\"alignnone wp-image-1244 size-full\" src=\"http:\/\/osimas.lt\/wp-content\/uploads\/20191015_204616.jpg\" alt=\"\" width=\"3024\" height=\"4032\" srcset=\"http:\/\/osimas.lt\/wp-content\/uploads\/20191015_204616.jpg 3024w, http:\/\/osimas.lt\/wp-content\/uploads\/20191015_204616-225x300.jpg 225w, http:\/\/osimas.lt\/wp-content\/uploads\/20191015_204616-768x1024.jpg 768w\" sizes=\"auto, (max-width: 3024px) 100vw, 3024px\" \/><\/a> \u00a0<a href=\"http:\/\/osimas.lt\/wp-content\/uploads\/20191015_205401.jpg\"><img loading=\"lazy\" decoding=\"async\" class=\"alignnone wp-image-1247 size-full\" src=\"http:\/\/osimas.lt\/wp-content\/uploads\/20191015_205401.jpg\" alt=\"\" width=\"3024\" height=\"4032\" srcset=\"http:\/\/osimas.lt\/wp-content\/uploads\/20191015_205401.jpg 3024w, http:\/\/osimas.lt\/wp-content\/uploads\/20191015_205401-225x300.jpg 225w, http:\/\/osimas.lt\/wp-content\/uploads\/20191015_205401-768x1024.jpg 768w\" sizes=\"auto, (max-width: 3024px) 100vw, 3024px\" \/><\/a> \u00a0<a href=\"http:\/\/osimas.lt\/wp-content\/uploads\/IMG_20191015_191307.jpg\"><img loading=\"lazy\" decoding=\"async\" class=\"alignnone wp-image-1249 size-full\" src=\"http:\/\/osimas.lt\/wp-content\/uploads\/IMG_20191015_191307.jpg\" alt=\"\" width=\"4160\" height=\"3120\" srcset=\"http:\/\/osimas.lt\/wp-content\/uploads\/IMG_20191015_191307.jpg 4160w, http:\/\/osimas.lt\/wp-content\/uploads\/IMG_20191015_191307-300x225.jpg 300w, http:\/\/osimas.lt\/wp-content\/uploads\/IMG_20191015_191307-768x576.jpg 768w, http:\/\/osimas.lt\/wp-content\/uploads\/IMG_20191015_191307-1024x768.jpg 1024w\" sizes=\"auto, (max-width: 4160px) 100vw, 4160px\" \/><\/a><\/p>\n<p>&nbsp;<\/p>\n<p>&nbsp;<\/p>\n<p><strong><span class=\"style28\">2011 spalio 16 d. \u0160aki\u0173 ZEN centro atidarymas<\/span><\/strong><\/p>\n<p><a href=\"http:\/\/osimas.lt\/wp-content\/uploads\/ALIM0725-2.jpg\"><img loading=\"lazy\" decoding=\"async\" class=\"wp-image-1241 size-full\" src=\"http:\/\/osimas.lt\/wp-content\/uploads\/ALIM0725-2.jpg\" alt=\"\" width=\"448\" height=\"336\" srcset=\"http:\/\/osimas.lt\/wp-content\/uploads\/ALIM0725-2.jpg 448w, http:\/\/osimas.lt\/wp-content\/uploads\/ALIM0725-2-300x225.jpg 300w\" sizes=\"auto, (max-width: 448px) 100vw, 448px\" \/><\/a><\/p>\n<p>&nbsp;<\/p>\n<p>Pirmasis vie\u0161as susitikimas su Zen vienuoliu i\u0161 Kor\u0117jos, Bo Haeng Sunim \u0160akiuose 2009m.<\/p>\n<p><a href=\"http:\/\/osimas.lt\/wp-content\/uploads\/SWScan00032-1.jpg\"><img loading=\"lazy\" decoding=\"async\" class=\"alignnone wp-image-1236 size-full\" src=\"http:\/\/osimas.lt\/wp-content\/uploads\/SWScan00032-1.jpg\" alt=\"\" width=\"600\" height=\"405\" srcset=\"http:\/\/osimas.lt\/wp-content\/uploads\/SWScan00032-1.jpg 600w, http:\/\/osimas.lt\/wp-content\/uploads\/SWScan00032-1-300x203.jpg 300w\" sizes=\"auto, (max-width: 600px) 100vw, 600px\" \/><\/a> <a href=\"http:\/\/osimas.lt\/wp-content\/uploads\/SWScan00024-1.jpg\"><img loading=\"lazy\" decoding=\"async\" class=\"alignnone wp-image-1237 size-full\" src=\"http:\/\/osimas.lt\/wp-content\/uploads\/SWScan00024-1.jpg\" alt=\"\" width=\"300\" height=\"202\" \/><\/a> <a href=\"http:\/\/osimas.lt\/wp-content\/uploads\/SWScan00033-1.jpg\"><img loading=\"lazy\" decoding=\"async\" class=\"alignnone wp-image-1238 size-full\" src=\"http:\/\/osimas.lt\/wp-content\/uploads\/SWScan00033-1.jpg\" alt=\"\" width=\"300\" height=\"202\" \/><\/a><\/p>\n<hr \/>\n<p><strong>Susitikimas su vienuoliu i\u0161 Kor\u0117jos Bo Haeng Sunim. 2006m. Kaunas<\/strong><\/p>\n<p><a href=\"http:\/\/osimas.lt\/wp-content\/uploads\/SWScan00010-1.jpg\"><img loading=\"lazy\" decoding=\"async\" class=\"alignnone wp-image-1234 size-full\" src=\"http:\/\/osimas.lt\/wp-content\/uploads\/SWScan00010-1.jpg\" alt=\"\" width=\"600\" height=\"413\" srcset=\"http:\/\/osimas.lt\/wp-content\/uploads\/SWScan00010-1.jpg 600w, http:\/\/osimas.lt\/wp-content\/uploads\/SWScan00010-1-300x207.jpg 300w\" sizes=\"auto, (max-width: 600px) 100vw, 600px\" \/><\/a><\/p>\n\n\n<p><\/p>\n","protected":false},"excerpt":{"rendered":"<p>2025-02-22 Zen meditacija \u0160aki\u0173 sporto klube &#8222;O\u0161imas&#8221; su klubo aukl\u0117tiniais Zazenas rei\u0161kia s\u0117d\u0117ti susikaupime. \u017dod\u012f &#8222;Zen&#8221; dar gal\u0117tume pakeisti lietuvi\u0161ka<\/p>\n<p><a href=\"http:\/\/osimas.lt\/?page_id=1207\" class=\"more-link\">Skaityti toliau&#8230;<span class=\"screen-reader-text\">Galerija (ZEN)<\/span><\/a><\/p>\n","protected":false},"author":1,"featured_media":0,"parent":0,"menu_order":0,"comment_status":"closed","ping_status":"closed","template":"","meta":{"footnotes":""},"class_list":["post-1207","page","type-page","status-publish","hentry"],"_links":{"self":[{"href":"http:\/\/osimas.lt\/index.php?rest_route=\/wp\/v2\/pages\/1207","targetHints":{"allow":["GET"]}}],"collection":[{"href":"http:\/\/osimas.lt\/index.php?rest_route=\/wp\/v2\/pages"}],"about":[{"href":"http:\/\/osimas.lt\/index.php?rest_route=\/wp\/v2\/types\/page"}],"author":[{"embeddable":true,"href":"http:\/\/osimas.lt\/index.php?rest_route=\/wp\/v2\/users\/1"}],"replies":[{"embeddable":true,"href":"http:\/\/osimas.lt\/index.php?rest_route=%2Fwp%2Fv2%2Fcomments&post=1207"}],"version-history":[{"count":0,"href":"http:\/\/osimas.lt\/index.php?rest_route=\/wp\/v2\/pages\/1207\/revisions"}],"wp:attachment":[{"href":"http:\/\/osimas.lt\/index.php?rest_route=%2Fwp%2Fv2%2Fmedia&parent=1207"}],"curies":[{"name":"wp","href":"https:\/\/api.w.org\/{rel}","templated":true}]}}