{"id":18,"date":"2020-02-07T09:07:33","date_gmt":"2020-02-07T11:07:33","guid":{"rendered":"http:\/\/osimas.lt\/?page_id=18"},"modified":"2025-03-01T05:58:13","modified_gmt":"2025-03-01T07:58:13","slug":"kontaktai","status":"publish","type":"page","link":"http:\/\/osimas.lt\/?page_id=18","title":{"rendered":"Kontaktai"},"content":{"rendered":"<p>Elektroninis pa\u0161tas: smirnovas.vytautas@gmail.com<br \/>\nTel.: 834549610; mob.: 868656392 &#8211; Vytautas Smirnovas.<br \/>\nAdresas: Parko g. 9, LT-71106, Giedru\u010di\u0173 k., \u0160akiai<\/p>\n","protected":false},"excerpt":{"rendered":"<p>Elektroninis pa\u0161tas: smirnovas.vytautas@gmail.com Tel.: 834549610; mob.: 868656392 &#8211; Vytautas Smirnovas. Adresas: Parko g. 9, LT-71106, Giedru\u010di\u0173 k., \u0160akiai<\/p>\n","protected":false},"author":1,"featured_media":0,"parent":0,"menu_order":0,"comment_status":"closed","ping_status":"open","template":"","meta":{"footnotes":""},"class_list":["post-18","page","type-page","status-publish","hentry"],"_links":{"self":[{"href":"http:\/\/osimas.lt\/index.php?rest_route=\/wp\/v2\/pages\/18","targetHints":{"allow":["GET"]}}],"collection":[{"href":"http:\/\/osimas.lt\/index.php?rest_route=\/wp\/v2\/pages"}],"about":[{"href":"http:\/\/osimas.lt\/index.php?rest_route=\/wp\/v2\/types\/page"}],"author":[{"embeddable":true,"href":"http:\/\/osimas.lt\/index.php?rest_route=\/wp\/v2\/users\/1"}],"replies":[{"embeddable":true,"href":"http:\/\/osimas.lt\/index.php?rest_route=%2Fwp%2Fv2%2Fcomments&post=18"}],"version-history":[{"count":0,"href":"http:\/\/osimas.lt\/index.php?rest_route=\/wp\/v2\/pages\/18\/revisions"}],"wp:attachment":[{"href":"http:\/\/osimas.lt\/index.php?rest_route=%2Fwp%2Fv2%2Fmedia&parent=18"}],"curies":[{"name":"wp","href":"https:\/\/api.w.org\/{rel}","templated":true}]}}