{"id":65,"date":"2020-02-09T05:17:03","date_gmt":"2020-02-09T07:17:03","guid":{"rendered":"http:\/\/osimas.lt\/?page_id=65"},"modified":"2025-03-01T05:58:13","modified_gmt":"2025-03-01T07:58:13","slug":"jksc-dziudo","status":"publish","type":"page","link":"http:\/\/osimas.lt\/?page_id=65","title":{"rendered":"D\u017eiud\u017eitso\/Dziudo"},"content":{"rendered":"<p class=\"first-paragraph\"><b>D\u017eiud\u017eitsu<\/b>\u00a0(jp. \u67d4\u8853\u00a0<i>\u0161velnumo menas<\/i>) \u2013\u00a0<a class=\"int-link\" title=\"Japonija\" href=\"https:\/\/www.wikiwand.com\/lt\/Japonija\">japon\u0173<\/a>\u00a0kovos menas, pasi\u017eymintis imtyni\u0173, lau\u017eimo ir sm\u016bgiavimo elementais. Pirmiausia d\u017eiud\u017eitsu men\u0105 studijavo\u00a0<a class=\"int-link\" title=\"\" href=\"https:\/\/www.wikiwand.com\/lt\/Samurajus\">samurajai<\/a>, nor\u0117dami plikomis rankomis apsiginti nuo kardais ginkluot\u0173 u\u017epuolik\u0173. I\u0161 d\u017eiud\u017eitsu atsirado kiti pana\u0161\u016bs menai, kaip\u00a0<a class=\"int-link\" title=\"Aikido\" href=\"https:\/\/www.wikiwand.com\/lt\/Aikido\">aikido<\/a>\u00a0ir\u00a0<a class=\"int-link\" title=\"\" href=\"https:\/\/www.wikiwand.com\/lt\/Dziudo\">dziudo<\/a>.<\/p>\n<p>Sportas turi daug at\u0161ak\u0173, vadinam\u0173j\u0173 mokykl\u0173 (ri\u016b). Priklausomai nuo j\u0173 iki tam tikro laipsnio leid\u017eiami \u012fvair\u016bs imtyniavimo veiksmai, tokie kaip metimas, s\u0105nari\u0173 u\u017elau\u017eimai, sugriebimai, aki\u0173 d\u016brimai, kand\u017eiojimai, spyriai ir sm\u016bgiai. Be d\u017eiud\u017eitsu daugelis mokykl\u0173 taip pat moko naudotis ginklais.<\/p>\n<p>\u0160iais laikais d\u017eiud\u017eitsu praktikuojama tiek savo tradicine, tiek \u0161iuolaikine forma.\u00a0<a class=\"int-link\" title=\"Dziudo\" href=\"https:\/\/www.wikiwand.com\/lt\/Dziudo\">Dziudo<\/a>\u00a0kovos menas, praktikuojamas kaip\u00a0<a class=\"int-link\" title=\"\" href=\"https:\/\/www.wikiwand.com\/lt\/Olimpin%C4%97_sporto_%C5%A1aka\">olimpin\u0117 sporto \u0161aka<\/a>, yra Kano D\u017eigoro XIX a. pab. vystytos d\u017eiud\u017eitsu mokyklos ir\u00a0<a class=\"int-link\" title=\"Brazili\u0161kas d\u017eiud\u017eitsu\" href=\"https:\/\/www.wikiwand.com\/lt\/Brazili%C5%A1kas_d%C5%BEiud%C5%BEitsu\">brazili\u0161ko d\u017eiud\u017eitsu<\/a>\u00a0derinys.<\/p>\n<p>D\u017eiud\u017eitsu i\u0161takomis laikomas Sengoku periodas (<a class=\"int-link\" title=\"Muroma\u010di laikotarpis\" href=\"https:\/\/www.wikiwand.com\/lt\/Muroma%C4%8Di_laikotarpis\">Muroma\u010di laikotarpis<\/a>), kurio metu inkorporuoti \u012fvair\u016bs ankstesni japoni\u0161ki kovos menai, pasitarnaujantys kovos lauke, esant artimam kontaktui su prie\u0161u, kai ginklai tampa neefektyv\u016bs. Skirtingai nei kaimynin\u0117se\u00a0<a class=\"mw-redirect int-link\" title=\"\" href=\"https:\/\/www.wikiwand.com\/lt\/Kinija\">Kinijoje<\/a>\u00a0ir\u00a0<a class=\"int-link\" title=\"Ri\u016bki\u016b karalyst\u0117\" href=\"https:\/\/www.wikiwand.com\/lt\/Ri%C5%ABki%C5%AB_karalyst%C4%97\">Okinavoje<\/a>, Japonijoje kovojimo plikomis rankomis technika r\u0117m\u0117si daugiausia metimais, imobilizavimu, s\u0105nari\u0173 u\u017elau\u017eimu, smaugimu, nes sm\u016bgiavimo technikos buvo neefektyvios d\u0117vint \u0161arvus. Pradin\u0117s d\u017eiud\u017eitsu mokyklos, tokios kaip takenou\u010di-ri\u016b, taip pat mok\u0117 sm\u016bgi\u0173 atr\u0117mimo ir kontratakos prie\u0161 kardus ar ietis naudojant ma\u017eesnius ginklus technik\u0173.<\/p>\n<p>XVII a. d\u017eiud\u017eitsu \u012fgavo dar daugiau reik\u0161m\u0117s d\u0117l neokonfucianizmo plitimo ir jo s\u0105lygoto ginkl\u0173 ir \u0161arv\u0173 atsisakymo, prioritetizuojant plik\u0173 rank\u0173 technikas savigynai. D\u017eiud\u017eitsu radosi sm\u016bgiavimo technik\u0173, \u012fskaitant sm\u016bgius \u012f gyvybinius ta\u0161kus. Ta\u010diau XVIII a. sm\u016bgiavimas v\u0117l tapo ne\u017eymia d\u017eiud\u017eitsu dalimi.<\/p>\n<p>Japonijai pakeitus savo izoliacionizmo politik\u0105 ir atsiv\u0117rus, palaipsniui jos kovos menai \u0117m\u0117 populiar\u0117ti u\u017e jos rib\u0173. D\u0117l to Europoje d\u017eiud\u017eitsu atsirado XIX a. pab. &#8211; XX a. pr. Prie kovos meno propagavimo daug prisid\u0117jo Kacukuma Higa\u0161i, kartu su Irvingu Hancock\u2018u 1905 m. para\u0161\u0119s apie tai 2 knygas.<\/p>\n<p>Lietuvoje d\u017eiud\u017eitsu susidom\u0117ta jau bent\u00a0<a class=\"int-link\" title=\"\" href=\"https:\/\/www.wikiwand.com\/lt\/Tarpukaris\">tarpukariu<\/a>. 1929\u20131930 metais d\u017eiud\u017eitsu meno buvo mokoma Kauno auk\u0161tesniojoje policijos mokykloje kaip privalomos disciplinos.<sup id=\"cite_ref-1\" class=\"reference\"><a class=\"anch-link\" href=\"https:\/\/www.wikiwand.com\/lt\/D%C5%BEiud%C5%BEitsu#citenote1\">[1]<\/a><\/sup>\u00a0Vienas pagrindini\u0173 entuziast\u0173 ir \u0161io kovos meno pradinink\u0173 buvo\u00a0<a class=\"int-link\" title=\"Vytautas Reivytis\" href=\"https:\/\/www.wikiwand.com\/lt\/Vytautas_Reivytis\">Vytautas Reivytis<\/a>, 1936 m. apie tai i\u0161leid\u0119s knyg\u0105, kurioje apra\u0161\u0119s 130 pagrindini\u0173 veiksm\u0173.<\/p>\n<p><b>Dziudo<\/b>\u00a0(\u67d4\u9053, dziu-do \u201elankstus kelias\u201c)\u00a0\u2013 \u0161iuolaikin\u0117\u00a0<a title=\"Japonai\" href=\"https:\/\/lt.wikipedia.org\/wiki\/Japonai\">japon\u0173<\/a>\u00a0kovos meno (gendai bud\u014d) ir kovinio sporto r\u016b\u0161is, atsiradusi\u00a0<a title=\"Japonija\" href=\"https:\/\/lt.wikipedia.org\/wiki\/Japonija\">Japonijoje<\/a>\u00a0<a class=\"mw-redirect\" title=\"XIX a.\" href=\"https:\/\/lt.wikipedia.org\/wiki\/XIX_a.\">XIX a.<\/a> pabaigoje.<\/p>\n<p>Dziudo kilo i\u0161 Japonijoje paplitusio d\u017eiud\u017eitsu kovos meno. Seniausios ir ry\u0161kiausios d\u017eiud\u017eitsu u\u017euomazgos pasteb\u0117tos vienoje i\u0161 seniausi\u0173 ir garsiausi\u0173 tradicini\u0173 japon\u0173 kovos mokykl\u0173 (koryu) &#8222;Takenouchi-ryu&#8221; \u012fkurtoje 1532 metais. Beginkl\u0117s kovos technika buvo \u012ftraukta \u012f apmokymus, kovojant \u012fvairiais ginklais. Dzigoro Kano, prie\u0161 \u012fkurdamas pirm\u0105j\u0105 dziudo mokykl\u0105 Kodokan, praktikavo d\u017eiud\u017eitsu &#8222;Kito-ryu&#8221; ir &#8222;Tenjin Shin&#8217;yo-ryu&#8221; mokyklose. Nors Lietuvoje priimta tarti\u00a0<i>dziu<\/i>do ir\u00a0<i>d\u017eiu<\/i>d\u017eitsu, japoni\u0161kai abu \u017eod\u017eiai prasideda tuo pa\u010diu heroglifu \u67d4 (lankstus), bet baigiasi skirtingais heroglifais \u9053 (kelias) ir \u8853 (menas, b\u016bdas). Senojo d\u017eiud\u017eitsu tikslas buvo kuo grei\u010diau neutralizuoti prie\u0161ink\u0105, dziudo &#8211; visapusi\u0161kas asmenyb\u0117s tobulinimas per kovos pratybas.<\/p>\n<p>Dziudo istorija yra neatskiriama nuo \u0161io kovos meno k\u016br\u0117jo, meistro ir mokytojo Jigoro Kano (\u5609\u7d0d \u6cbb\u4e94\u90ce Dzigoro Kano,\u00a0<a class=\"mw-redirect\" title=\"1860\" href=\"https:\/\/lt.wikipedia.org\/wiki\/1860\">1860<\/a>\u2013<a class=\"mw-redirect\" title=\"1938\" href=\"https:\/\/lt.wikipedia.org\/wiki\/1938\">1938<\/a>). Dzigoro gim\u0117 pasiturin\u010dioje japon\u0173 \u0161eimoje. Jo senelis vis\u0105 turt\u0105 u\u017edirbo savomis pastangomis, jis buvo\u00a0<a title=\"Sak\u0117\" href=\"https:\/\/lt.wikipedia.org\/wiki\/Sak%C4%97\">sak\u0117s<\/a>\u00a0gamintojas \u0160igos prefekt\u016broje, Centrin\u0117je\u00a0<a title=\"Japonija\" href=\"https:\/\/lt.wikipedia.org\/wiki\/Japonija\">Japonijoje<\/a>. Dzigoro Kano t\u0117vas nebuvo vyriausias s\u016bnus, d\u0117l to jis nepaveld\u0117jo \u0161eimos verslo ir tapo\u00a0<a title=\"\u0160intoizmas\" href=\"https:\/\/lt.wikipedia.org\/wiki\/%C5%A0intoizmas\">\u0160into<\/a>\u00a0\u0161ventiku bei vyriausyb\u0117s tarnautoju. Su tokia \u012ftaka jis Dzigoro Kano, savo s\u016bnui, pad\u0117jo patekti \u012f Tokijo imperatori\u0161k\u0105j\u012f universitet\u0105. B\u016bdamas studentu Kano rimtai m\u0105st\u0117 apie galimybes pasiekti k\u016bno ir sielos harmonij\u0105. Nors ir nei\u0161siskyr\u0117 gera fizine b\u016bkle (neauk\u0161to \u016bgio, prakaulaus sud\u0117jimo \u016bgis 150\u00a0cm, svoris 48 kg) jis per trump\u0105 laik\u0105 sugeb\u0117jo \u012fvaldyti sud\u0117ting\u0105 d\u017eiu-d\u017eitsu technik\u0105. Atrink\u0119s i\u0161 \u0161ios technikos jo manymu labiausiai efektyvius ir eliminav\u0119s pavojingus imtyni\u0173 veiksmus, Kano suk\u016br\u0117 nauj\u0105 k\u016bno ir dvasios tobulinimo sistem\u0105, kuri v\u0117liau \u012fgavo sportin\u012f pob\u016bd\u012f.<\/p>\n<p><a class=\"mw-redirect\" title=\"1882\" href=\"https:\/\/lt.wikipedia.org\/wiki\/1882\">1882<\/a>\u00a0m. pirm\u0105j\u0105 Tokijuje dziudo mokykl\u0105 (prie Eise vienuolyno)\u00a0\u2013 Kodokan. Pirmaisiais gyvavimo metais \u012f Kano vadovaujam\u0105 mokykl\u0105 buvo \u017ei\u016brima nepalankiai, bet kai geriausias Kano mokinys \u0160iro Saigo oficialiose var\u017eybose nugal\u0117jo visus savo prie\u0161ininkus, kovos metu naudojusius \u012fvairius d\u017eiud\u017eitsu ir karat\u0117 veiksmus, \u0161i mokykla sulauk\u0117 pripa\u017einimo.\u00a0<a class=\"mw-redirect\" title=\"1909\" href=\"https:\/\/lt.wikipedia.org\/wiki\/1909\">1909<\/a>\u00a0m. Kano pirmasis Japonijoje tapo Tarptautinio olimpinio komiteto nariu.\u00a0<a class=\"mw-redirect\" title=\"1911\" href=\"https:\/\/lt.wikipedia.org\/wiki\/1911\">1911<\/a>\u00a0m. jis \u012fsteig\u0117 pirm\u0105j\u0105 Japonijoje sporto asociacij\u0105 bei tapo jos prezidentu.<\/p>\n<p>Dziudo bazin\u0119 technik\u0105 profesorius Kano u\u017ebaig\u0117 formuoti\u00a0<a class=\"mw-redirect\" title=\"1887\" href=\"https:\/\/lt.wikipedia.org\/wiki\/1887\">1887<\/a>\u00a0m., o pilna sistema u\u017ebaigta\u00a0<a class=\"mw-redirect\" title=\"1922\" href=\"https:\/\/lt.wikipedia.org\/wiki\/1922\">1922<\/a>\u00a0m.\u00a0\u2013 Kodokan mokyklos 40-me\u010dio jubiliejui. Tuo metu jam jau sukako 62-ji metai. Pa\u017eym\u0117tina, kad profesorius Kano skyr\u0117 labai daug d\u0117mesio kovotoj\u0173 gerosioms moralin\u0117ms ir psichologin\u0117ms savyb\u0117ms ugdyti.<\/p>\n<p><a class=\"mw-redirect\" title=\"1883\" href=\"https:\/\/lt.wikipedia.org\/wiki\/1883\">1883<\/a>\u00a0m. Kano \u012fsteig\u0117 kvalifikacin\u0119 rang\u0173 sistem\u0105 (spalvot\u0173 dir\u017e\u0173 sistem\u0105 \u012fved\u0117 Mikinosuke Kawaishi), o\u00a0<a class=\"mw-redirect\" title=\"1900\" href=\"https:\/\/lt.wikipedia.org\/wiki\/1900\">1900<\/a>\u00a0m.\u00a0\u2013 var\u017eyb\u0173 taisykles. [Pasaulio dziudo federacija buvo \u012fkurta\u00a0<a class=\"mw-redirect\" title=\"1951\" href=\"https:\/\/lt.wikipedia.org\/wiki\/1951\">1951<\/a>\u00a0metais, liepos m\u0117nes\u012f.\u00a0<a class=\"mw-redirect\" title=\"1956\" href=\"https:\/\/lt.wikipedia.org\/wiki\/1956\">1956<\/a>\u00a0metais Pary\u017eiuje \u012fvyko pirmasis dziudo pasaulio \u010dempionatas. Dabar tarptautin\u0117 dziudo federacija vienija 178 \u0161alis.\u00a0<a class=\"mw-redirect\" title=\"1964\" href=\"https:\/\/lt.wikipedia.org\/wiki\/1964\">1964<\/a>\u00a0m. pirm\u0105 kart\u0105 dziudo buvo \u012ftrauktos \u012f Olimpini\u0173 \u017eaidyni\u0173 program\u0105 (Tokijuje). Moter\u0173 dziudo buvo prad\u0117tas kultivuoti nuo\u00a0<a class=\"mw-redirect\" title=\"1980\" href=\"https:\/\/lt.wikipedia.org\/wiki\/1980\">1980<\/a>\u00a0met\u0173, kai Niujorke buvo surengtas pirmas Pasaulio moter\u0173 \u010dempionatas. Nuo\u00a0<a class=\"mw-redirect\" title=\"1992\" href=\"https:\/\/lt.wikipedia.org\/wiki\/1992\">1992<\/a>\u00a0met\u0173 moter\u0173 dziudo startavo Olimpin\u0117se \u017daidyn\u0117se.<\/p>\n<p>Kitaip nei karate, dziudo nenaudojami spyriai, sm\u016bgiai ir pana\u0161\u016bs veiksmai. Kitaip nei aikido, dziudo imtyn\u0117se nenaudojamas spaudimas sanariams, kad oponentas b\u016bt\u0173 numestas ant \u017eem\u0117s. Kitaip nei kendo, dziudo imtyni\u0173 metu nenaudojami jokie ginklai ar kitokie \u012frankiai. Vietoj auk\u0161\u010diau i\u0161vardint\u0173 dalyk\u0173, var\u017eyb\u0173 metu dziudo kova vyksta tarp dviej\u0173 asmen\u0173 vilkin\u010di\u0173 dziudogi. Kovos metu prie\u0161ininkai stengiasi vienas kit\u0105 pargriauti ant tatamio. Jei ataka n\u0117ra pakankamai s\u0117kminga (teis\u0117jai ne\u012fvertina veiksmo pilna pergale &#8222;Ippon&#8221;) kov\u0105 galima prat\u0119sti parteryje, atliekant lau\u017eim\u0173, smaugim\u0173 ar i\u0161laikymo veiksmus. Palyginus su kitomis kovinio sporto r\u016b\u0161imis, tai pakankamai saugu, nes n\u0117ra tikslo su\u017eeisti prie\u0161inink\u0105. Dziudo yra dinamin\u0117 veiksm\u0173 sistema. Dziudo technikos praktikavimas padeda \u017emon\u0117ms vystyti pagrindines fizines savybes, padeda vystyti j\u0117g\u0105, i\u0161tverm\u0119, lankstum\u0105, greit\u012f, kovingum\u0105, dinami\u0161kum\u0105 ir statin\u012f balans\u0105, ver\u017elum\u0105 ir susilaikym\u0105. Gynybos ir aktyvios atakos praktikavimas padeda tobulinti reakcijos laik\u0105, koordinacij\u0105 ir susivaldym\u0105. Praktikuojantys dziudo tampa stipresni, greitesni ir stabilesni. Kaip pastebi \u0161iuolaikiniai dziudo ekspertai tikrasis dziudo moko daugiau nei siekti fizini\u0173 auk\u0161tum\u0173 ar atletinio meistri\u0161kumo. Dziudo moko kaip kontroliuoti savo jausmus, emocijas ir prover\u017eius. Dziudo moko susilaikymo, pagarbos, lojalumo ir disciplinos, taip pat etikos, ger\u0173 socialini\u0173 manier\u0173 ir etiketo. Dziudo taip pat moko kaip nugal\u0117ti baim\u0119, parodyti dr\u0105s\u0105 esant spaudimui. Var\u017eyb\u0173 metu ir kasdieni\u0173 u\u017esi\u0117mim\u0173 metu ugdomas teisingumas ir s\u0105\u017einingumas.<\/p>\n<p>&nbsp;<\/p>\n<p>&nbsp;<\/p>\n","protected":false},"excerpt":{"rendered":"<p>D\u017eiud\u017eitsu\u00a0(jp. \u67d4\u8853\u00a0\u0161velnumo menas) \u2013\u00a0japon\u0173\u00a0kovos menas, pasi\u017eymintis imtyni\u0173, lau\u017eimo ir sm\u016bgiavimo elementais. Pirmiausia d\u017eiud\u017eitsu men\u0105 studijavo\u00a0samurajai, nor\u0117dami plikomis rankomis apsiginti nuo<\/p>\n<p><a href=\"http:\/\/osimas.lt\/?page_id=65\" class=\"more-link\">Skaityti toliau&#8230;<span class=\"screen-reader-text\">D\u017eiud\u017eitso\/Dziudo<\/span><\/a><\/p>\n","protected":false},"author":1,"featured_media":0,"parent":0,"menu_order":0,"comment_status":"closed","ping_status":"closed","template":"","meta":{"footnotes":""},"class_list":["post-65","page","type-page","status-publish","hentry"],"_links":{"self":[{"href":"http:\/\/osimas.lt\/index.php?rest_route=\/wp\/v2\/pages\/65","targetHints":{"allow":["GET"]}}],"collection":[{"href":"http:\/\/osimas.lt\/index.php?rest_route=\/wp\/v2\/pages"}],"about":[{"href":"http:\/\/osimas.lt\/index.php?rest_route=\/wp\/v2\/types\/page"}],"author":[{"embeddable":true,"href":"http:\/\/osimas.lt\/index.php?rest_route=\/wp\/v2\/users\/1"}],"replies":[{"embeddable":true,"href":"http:\/\/osimas.lt\/index.php?rest_route=%2Fwp%2Fv2%2Fcomments&post=65"}],"version-history":[{"count":0,"href":"http:\/\/osimas.lt\/index.php?rest_route=\/wp\/v2\/pages\/65\/revisions"}],"wp:attachment":[{"href":"http:\/\/osimas.lt\/index.php?rest_route=%2Fwp%2Fv2%2Fmedia&parent=65"}],"curies":[{"name":"wp","href":"https:\/\/api.w.org\/{rel}","templated":true}]}}