{"id":93,"date":"2020-03-06T10:01:05","date_gmt":"2020-03-06T12:01:05","guid":{"rendered":"http:\/\/osimas.lt\/?page_id=93"},"modified":"2025-03-01T05:58:13","modified_gmt":"2025-03-01T07:58:13","slug":"apie-kluba","status":"publish","type":"page","link":"http:\/\/osimas.lt\/?page_id=93","title":{"rendered":"Apie klub\u0105"},"content":{"rendered":"<div><span class=\"style10\">\u0160aki\u0173 D\u017eiud\u017eitso ir Kobudo sporto klubas &#8222;O\u0161imas&#8221; oficialiai \u012fkurtas 1994 09 22, jo \u012fk\u016br\u0117jas ir klubo prezidentas- Vytautas Smirnovas. Klubas yra visuomenin\u0117 organizacija, veikianti \u0160aki\u0173 rajone, turinti savo pavadinim\u0105, simbolik\u0105, atsiskaitom\u0105j\u0105 saskait\u0105, antspaud\u0105, B\u016bstin\u0119. Klubas yra Lietuvos D\u017eiud\u017eitso ir Kobudo federacijos narys, registruotas \u0160aki\u0173 raj. Savivaldyb\u0117s registre, priklauso \u0160aki\u0173 raj. savivaldyb\u0117s k\u016bno kult\u016bros ir sporto skyriui.<\/span><\/div>\n<div class=\"style10\">Klubo tikslai ir u\u017edaviniai:<\/div>\n<div><span class=\"style10\">&#8211;\u00a0\u00a0\u00a0 Propaguoti D\u017eiud\u017eitso men\u0105 ir sport\u0105, vienyti gyventojus ir sportininkus fiziniam aktyvumui, sveikai gyvensenai, k\u016bno kult\u016brai ir D\u017eiud\u017eitso menui pl\u0117toti.<\/span><\/div>\n<div><span class=\"style10\">&#8211;\u00a0\u00a0\u00a0 Sudaryti s\u0105lygas praktikuoti<span lang=\"lt\"> Zen meditavim\u0105,<\/span> k\u016bno kult\u016br\u0105 ir sport\u0105, savo veikla tenkinti vaik\u0173, jaunimo ir suaugusi\u0173j\u0173 poreikius, r\u016bpintis savo k\u016bno kult\u016bra, sporto turizmo poreikiais, siekti kontakt\u0173 su Lietuvos ir u\u017esienio \u0161ali\u0173 sporto klubais, federacijomis, rengti bendrus sportinius renginius.<\/span><\/div>\n<div>&#8211;\u00a0\u00a0\u00a0 Rengti \u012fvairaus lygio sportines var\u017eybas ir \u0161ventes, rengti perspektyvius sportininkus miesto, rajono, Lietuvos Respublikos rinktin\u0117ms.<\/div>\n<div>&#8211;\u00a0\u00a0\u00a0 Sistemingai organizuoti ir vykdyti klubo nari\u0173 sveikatos b\u016bkl\u0117s kontrol\u0119, dalyvauti k\u016bno kult\u016bros ir sporto var\u017eybose.<\/div>\n<div>Klubas didesn\u012f d\u0117mes\u012f skiria ne sportiniams rezultatams, bet dvasiniam asmenyb\u0117s ugdymui. Fizi\u0161kai ir dvasi\u0161kai tobul\u0117damas mokinys pradeda pats pasteb\u0117ti savo galimybes ir gali realizuoti save ne tik var\u017eybose, bet ir realiame gyvenime. Mokinys i\u0161mok\u0119s tam tikr\u0105 program\u0105, laiko egzaminus ir gauna sertifikatus.<\/div>\n<div>Klubo veiklos kryptys:<\/div>\n<div><span class=\"style10\">1. Zen meditavimo grup\u0117<\/span><\/div>\n<div class=\"style10\">2. Reiki\/ sveikatingumo grup\u0117<\/div>\n<div><span class=\"style10\">3. Harmonija ir sveikata<\/span><\/div>\n<div><span class=\"style10\">4. <span lang=\"EN-GB\">Ryt\u0173 kovos menai (Jiu-Jitsu ir kobudo)<\/span><\/span><\/div>\n<div>5. Dziudo grup\u0117<\/div>\n","protected":false},"excerpt":{"rendered":"<p>\u0160aki\u0173 D\u017eiud\u017eitso ir Kobudo sporto klubas &#8222;O\u0161imas&#8221; oficialiai \u012fkurtas 1994 09 22, jo \u012fk\u016br\u0117jas ir klubo prezidentas- Vytautas Smirnovas. Klubas<\/p>\n<p><a href=\"http:\/\/osimas.lt\/?page_id=93\" class=\"more-link\">Skaityti toliau&#8230;<span class=\"screen-reader-text\">Apie klub\u0105<\/span><\/a><\/p>\n","protected":false},"author":1,"featured_media":0,"parent":0,"menu_order":0,"comment_status":"closed","ping_status":"closed","template":"","meta":{"footnotes":""},"class_list":["post-93","page","type-page","status-publish","hentry"],"_links":{"self":[{"href":"http:\/\/osimas.lt\/index.php?rest_route=\/wp\/v2\/pages\/93","targetHints":{"allow":["GET"]}}],"collection":[{"href":"http:\/\/osimas.lt\/index.php?rest_route=\/wp\/v2\/pages"}],"about":[{"href":"http:\/\/osimas.lt\/index.php?rest_route=\/wp\/v2\/types\/page"}],"author":[{"embeddable":true,"href":"http:\/\/osimas.lt\/index.php?rest_route=\/wp\/v2\/users\/1"}],"replies":[{"embeddable":true,"href":"http:\/\/osimas.lt\/index.php?rest_route=%2Fwp%2Fv2%2Fcomments&post=93"}],"version-history":[{"count":0,"href":"http:\/\/osimas.lt\/index.php?rest_route=\/wp\/v2\/pages\/93\/revisions"}],"wp:attachment":[{"href":"http:\/\/osimas.lt\/index.php?rest_route=%2Fwp%2Fv2%2Fmedia&parent=93"}],"curies":[{"name":"wp","href":"https:\/\/api.w.org\/{rel}","templated":true}]}}